{"id":8005,"date":"2025-03-12T20:39:14","date_gmt":"2025-03-12T20:39:14","guid":{"rendered":"https:\/\/ibizamarinecharter.com\/aviso-legal\/"},"modified":"2025-03-17T22:35:24","modified_gmt":"2025-03-17T22:35:24","slug":"aviso-legal","status":"publish","type":"page","link":"https:\/\/ibizamarinecharter.com\/es\/aviso-legal\/","title":{"rendered":"Aviso legal"},"content":{"rendered":"\n<h4 class=\"wp-block-heading\">ibizamarinecharter.com<\/h4>\n\n<h3 class=\"wp-block-heading\">I. INFORMACI\u00d3N GENERAL<\/h3>\n\n<p>En cumplimiento con el deber de informaci\u00f3n dispuesto en la Ley 34\/2002 de Servicios de la Sociedad de la Informaci\u00f3n y del Comercio Electr\u00f3nico (LSSI-CE) de 11 de julio, se facilitan a continuaci\u00f3n los siguientes datos de informaci\u00f3n general de este sitio web:<\/p>\n\n<p>Este sitio web, ibizamarinecharter.com, (en adelante, el Sitio Web), es titularidad de: , con N\u00famero de Identificaci\u00f3n Fiscal (NIF): , y cuyos datos de contacto son:<\/p>\n\n<p>Este sitio web, ibizamarinecharter.com, (en adelante, el Sitio Web), es propiedad de: Ib\u00e9rica-Marine-Charter SL, con N\u00famero de Identificaci\u00f3n Fiscal (NIF): B-13775994 e inscrita en el Registro Mercantil de Barcelona con los siguientes datos registrales: , cuyo representante es: , y cuyos datos de contacto son:<\/p>\n\n<p>Direcci\u00f3n: Mas Olive n2, 08398 Barcelona<\/p>\n\n<p>N\u00famero de tel\u00e9fono de contacto:<\/p>\n\n<p>Correo electr\u00f3nico de contacto: info@ibizamarinecharter.com<\/p>\n\n<h3 class=\"wp-block-heading\">II. T\u00c9RMINOS Y CONDICIONES GENERALES DE USO <\/h3>\n\n<h4 class=\"wp-block-heading\">Objeto de las condiciones: El Sitio Web<\/h4>\n\n<p>El objetivo de estas Condiciones Generales de Uso (en adelante, las Condiciones) es regular el acceso y la utilizaci\u00f3n del Sitio Web. A efectos de estas Condiciones, se entender\u00e1 por Sitio Web: la apariencia externa de las interfaces de pantalla, tanto est\u00e1ticas como din\u00e1micas, es decir, el \u00e1rbol de navegaci\u00f3n; y todos los elementos integrados tanto en las interfaces de pantalla como en el \u00e1rbol de navegaci\u00f3n (en adelante, los Contenidos), as\u00ed como todos los servicios o recursos en l\u00ednea que pueda ofrecer a los Usuarios (en adelante, los Servicios). <\/p>\n\n<p>Ibiza Charter Marine se reserva el derecho a modificar, en cualquier momento y sin previo aviso, la presentaci\u00f3n y configuraci\u00f3n del Sitio Web, as\u00ed como cualquier Contenido y Servicio que este incorpore. El Usuario reconoce y acepta que Ibiza Charter Marine podr\u00e1, en cualquier momento, interrumpir, desactivar o cancelar cualquiera de estos elementos integrados en el Sitio Web o el acceso a ellos. <\/p>\n\n<p>El acceso al Sitio Web por parte del Usuario es libre y, por regla general, gratuito. El Usuario no tiene que abonar ninguna compensaci\u00f3n para disfrutarlo, salvo el coste de la conexi\u00f3n a trav\u00e9s de la red de telecomunicaciones proporcionada por el proveedor de acceso contratado por el Usuario. <\/p>\n\n<p>Aparte del coste de conexi\u00f3n a trav\u00e9s de la red de telecomunicaciones suministrada por el proveedor de acceso, y que hubiere contratado el Usuario, algunos de los Contenidos o Servicios ofrecidos por Ibiza Charter Marine o, en su caso, terceros a trav\u00e9s del Sitio Web pueden encontrarse sujetos a la contrataci\u00f3n previa del Contenido o Servicio, en cuyo caso se especificar\u00e1n y\/o pondr\u00e1n a disposici\u00f3n del Usuario de forma clara y detallada las correspondientes Condiciones Generales o Particulares por las que se rija \u00e9ste.<\/p>\n\n<p>La utilizaci\u00f3n de cualquiera de los Contenidos o Servicios del Sitio Web podr\u00e1 realizarse mediante la previa suscripci\u00f3n o registro del Usuario.<\/p>\n\n<p>El uso de los Contenidos no exige suscripci\u00f3n o registro previo.<\/p>\n\n<h4 class=\"wp-block-heading\">El usuario<\/h4>\n\n<p>El acceso, la navegaci\u00f3n y el uso del Sitio Web, as\u00ed como los espacios habilitados para la interacci\u00f3n entre los Usuarios, el Usuario e Ibiza Charter Marine, como los comentarios y\/o los blogs, confieren la condici\u00f3n de Usuario. Por lo tanto, los Usuarios aceptan, desde el momento en que inician la navegaci\u00f3n por el Sitio Web, todas las Condiciones aqu\u00ed establecidas, as\u00ed como cualquier modificaci\u00f3n posterior, sin perjuicio de la aplicaci\u00f3n de la normativa legal de obligado cumplimiento, seg\u00fan corresponda. Dada la relevancia de lo anterior, se recomienda a los Usuarios que las lean cada vez que visiten el Sitio Web.  <\/p>\n\n<p>El sitio web de Ibiza Charter Marine ofrece una amplia variedad de informaci\u00f3n, servicios y datos. Los usuarios son responsables del correcto uso del sitio web. Esta responsabilidad se extiende a:  <\/p>\n\n<ul class=\"wp-block-list\">\n<li>Cualquier uso de la informaci\u00f3n, Contenidos y\/o Servicios y datos ofrecidos por Ibiza Charter Marine que no sea contrario a lo dispuesto por las presentes Condiciones, la Ley, la moral o el orden p\u00fablico, o que de cualquier otro modo puedan suponer lesi\u00f3n de los derechos de terceros o del mismo funcionamiento del Sitio Web.<\/li>\n\n\n\n<li>La veracidad y legalidad de la informaci\u00f3n proporcionada por el Usuario en los formularios habilitados por Ibiza Charter Marine para acceder a determinados Contenidos o Servicios ofrecidos en el Sitio Web. En cualquier caso, el Usuario deber\u00e1 notificar inmediatamente a Ibiza Charter Marine cualquier circunstancia que pueda dar lugar al uso indebido de la informaci\u00f3n introducida en dichos formularios, como, entre otros, el robo, la p\u00e9rdida o el acceso no autorizado a identificadores y\/o contrase\u00f1as, para que sean eliminados inmediatamente. <\/li>\n<\/ul>\n\n<p>Ibiza Charter Marine se reserva el derecho de retirar todos aquellos comentarios y aportaciones que vulneren la ley, el respeto a la dignidad de la persona, sean discriminatorios, xen\u00f3fobos, racistas, pornogr\u00e1ficos, spam, atenten contra la juventud o la infancia, el orden o la seguridad p\u00fablica o que, a su juicio, no resulten adecuados para su publicaci\u00f3n.<\/p>\n\n<p>En cualquier caso, Ibiza Charter Marine no ser\u00e1 responsable de las opiniones vertidas por los Usuarios a trav\u00e9s de comentarios u otras herramientas de blogging o de participaci\u00f3n que pueda haber.<\/p>\n\n<p>El mero acceso a este Sitio Web no supone en ning\u00fan caso relaci\u00f3n de car\u00e1cter comercial entre Ibiza Charter Marine y el Usuario.<\/p>\n\n<p>El Usuario declara ser mayor de edad y tener la capacidad legal suficiente para regirse por estos T\u00e9rminos y Condiciones. Por lo tanto, este sitio web de Ibiza Charter Marine no est\u00e1 dirigido a menores de edad. Ibiza Charter Marine declina toda responsabilidad por el incumplimiento de este requisito.  <\/p>\n\n<p>Siempre en cumplimiento con la legislaci\u00f3n vigente, este sitio web de Ibiza Charter Marine est\u00e1 dirigido a todas las personas, independientemente de su edad, que puedan acceder y\/o navegar por las p\u00e1ginas del sitio web.<\/p>\n\n<p>El Sitio Web est\u00e1 dirigido principalmente a Usuarios residentes en Espa\u00f1a. Ibiza Charter Marine no garantiza que el Sitio Web cumpla con las leyes de otros pa\u00edses, ni total ni parcialmente. Si el Usuario reside o tiene su domicilio en otro lugar y decide acceder o navegar por el Sitio Web, lo hace bajo su propia responsabilidad. Debe asegurarse de que dicho acceso y navegaci\u00f3n cumpla con la legislaci\u00f3n local aplicable. Ibiza Charter Marine no asume ninguna responsabilidad por dicho acceso.    <\/p>\n\n<h3 class=\"wp-block-heading\">III. ACCESO Y NAVEGACI\u00d3N EN EL SITIO WEB: EXCLUSI\u00d3N DE GARANT\u00cdAS Y RESPONSABILIDAD <\/h3>\n\n<p>Ibiza Charter Marine no garantiza la continuidad, disponibilidad ni utilidad del Sitio Web, ni de sus Contenidos o Servicios. Ibiza Charter Marine har\u00e1 todo lo posible para garantizar el correcto funcionamiento del Sitio Web; sin embargo, no se responsabiliza ni garantiza que el acceso a este Sitio Web sea ininterrumpido o libre de errores. <\/p>\n\n<p>Ibiza Charter Marine no se responsabiliza ni garantiza que el contenido o el software accesible a trav\u00e9s de este Sitio Web est\u00e9 libre de errores o cause da\u00f1os al sistema inform\u00e1tico del Usuario (software y hardware). En ning\u00fan caso Ibiza Charter Marine ser\u00e1 responsable de ninguna p\u00e9rdida, da\u00f1o o perjuicio de ning\u00fan tipo que surja del acceso, la navegaci\u00f3n o el uso del Sitio Web, incluyendo, entre otros, da\u00f1os a los sistemas inform\u00e1ticos o la introducci\u00f3n de virus. <\/p>\n\n<p>Ibiza Charter Marine tampoco se responsabiliza de los da\u00f1os que puedan causarse a los usuarios por el uso indebido de este sitio web. En particular, no se responsabiliza en ning\u00fan caso de las interrupciones, fallos o defectos de telecomunicaciones que puedan producirse. <\/p>\n\n<h3 class=\"wp-block-heading\">IV. POL\u00cdTICA DE ENLACES <\/h3>\n\n<p>Se informa a los usuarios de que el Sitio Web de Ibiza Charter Marine pone o puede poner a disposici\u00f3n de los usuarios medios de enlace (como, por ejemplo, links, banners, botones), directorios y motores de b\u00fasqueda que permiten a los usuarios acceder a sitios web pertenecientes y\/o gestionados por terceros.<\/p>\n\n<p>La instalaci\u00f3n de estos enlaces, directorios y motores de b\u00fasqueda en el Sitio Web tiene por objeto facilitar a los Usuarios la b\u00fasqueda de y acceso a la informaci\u00f3n disponible en Internet, sin que pueda considerarse una sugerencia, recomendaci\u00f3n o invitaci\u00f3n para la visita de los mismos.<\/p>\n\n<p>Ibiza Charter Marine no ofrece ni comercializa, ni por s\u00ed ni por medio de terceros, los productos y\/o servicios disponibles en dichos sitios enlazados.<\/p>\n\n<p>Ibiza Charter Marine ofrece contenido patrocinado, anuncios y\/o enlaces de afiliados. La informaci\u00f3n que aparece en estos enlaces de afiliados o anuncios incrustados es proporcionada por los propios anunciantes. Por lo tanto, Ibiza Charter Marine no se responsabiliza de ninguna inexactitud o error que pueda contener la publicidad, ni garantiza en modo alguno la experiencia, integridad o responsabilidad de los anunciantes ni la calidad de sus productos y\/o servicios.  <\/p>\n\n<p>Asimismo, tampoco garantizar\u00e1 la disponibilidad t\u00e9cnica, exactitud, veracidad, validez o legalidad de sitios ajenos a su propiedad a los que se pueda acceder por medio de los enlaces.<\/p>\n\n<p>Ibiza Charter Marine no revisa ni controla, bajo ninguna circunstancia, el contenido de otros sitios web, ni aprueba, examina ni respalda los productos y servicios, contenidos, archivos y cualquier otro material que se encuentre en dichos sitios enlazados.<\/p>\n\n<p>Ibiza Charter Marine no asume ning\u00fan tipo de responsabilidad por los da\u00f1os y perjuicios de toda \u00edndole que pudieran producirse por el acceso, uso, calidad o licitud de los contenidos, comunicaciones, opiniones, productos y servicios de sitios web no gestionados por Ibiza Charter Marine y enlazados en este Sitio Web.<\/p>\n\n<p>El Usuario o tercero que realice un hiperenlace desde una p\u00e1gina web de otro sitio web distinto al Sitio Web de Ibiza Charter Marine deber\u00e1 saber que:<\/p>\n\n<p>Queda prohibida la reproducci\u00f3n, total o parcial, de cualquiera de los Contenidos y\/o Servicios del Sitio Web sin la autorizaci\u00f3n expresa de Ibiza Charter Marine.<\/p>\n\n<p>Tambi\u00e9n queda prohibida cualquier manifestaci\u00f3n falsa, inexacta o incorrecta sobre el Sitio Web de Ibiza Charter Marine, o sobre sus Contenidos y\/o Servicios.<\/p>\n\n<p>A excepci\u00f3n del hiperv\u00ednculo, el sitio web en el que se establezca dicho hiperenlace no contendr\u00e1 ning\u00fan elemento, de este Sitio Web, protegido como propiedad intelectual por el ordenamiento jur\u00eddico espa\u00f1ol, salvo autorizaci\u00f3n expresa de Ibiza Charter Marine.<\/p>\n\n<p>El establecimiento de un hiperv\u00ednculo no implicar\u00e1 la existencia de relaciones entre Ibiza Charter Marine y el titular del sitio web desde el cual se realice, ni el conocimiento y aceptaci\u00f3n de Ibiza Charter Marine de los contenidos, servicios y\/o actividades ofrecidos en dicho sitio web, y viceversa.<\/p>\n\n<h3 class=\"wp-block-heading\">V. PROPIEDAD INTELECTUAL E INDUSTRIAL<\/h3>\n\n<p>Ibiza Charter Marine, por s\u00ed misma o como cesionaria, es titular de todos los derechos de propiedad intelectual e industrial del Sitio Web, as\u00ed como de los elementos que contiene (incluyendo, a t\u00edtulo enunciativo y no limitativo, im\u00e1genes, sonido, audio, v\u00eddeo, software o texto, marcas o logotipos, combinaciones de colores, estructura y dise\u00f1o, selecci\u00f3n de materiales utilizados, programas inform\u00e1ticos necesarios para su funcionamiento, acceso y uso, etc.). En consecuencia, estas obras est\u00e1n protegidas como propiedad intelectual por la legislaci\u00f3n espa\u00f1ola, y les son aplicables tanto la normativa espa\u00f1ola como la europea en este \u00e1mbito, as\u00ed como los tratados internacionales relativos a la materia firmados por Espa\u00f1a. <\/p>\n\n<p>Todos los derechos reservados. De conformidad con lo dispuesto en la Ley de Propiedad Intelectual, quedan expresamente prohibidas la reproducci\u00f3n, distribuci\u00f3n y comunicaci\u00f3n p\u00fablica, incluida la puesta a disposici\u00f3n, de la totalidad o parte del contenido de este sitio web con fines comerciales, en cualquier soporte y por cualquier medio t\u00e9cnico, sin la autorizaci\u00f3n de Ibiza Charter Marine. <\/p>\n\n<p>El Usuario se compromete a respetar los derechos de propiedad intelectual e industrial de Ibiza Charter Marine. Podr\u00e1 visualizar los elementos del Sitio Web e incluso imprimirlos, copiarlos y almacenarlos en el disco duro de su ordenador o en cualquier otro soporte f\u00edsico, siempre que sea exclusivamente para su uso personal. No obstante, no podr\u00e1 eliminar, alterar ni manipular ning\u00fan dispositivo de protecci\u00f3n o sistema de seguridad instalado en el Sitio Web.  <\/p>\n\n<p>En el caso de que el Usuario o un tercero considere que cualquiera de los Contenidos del Sitio Web suponga una violaci\u00f3n de derechos de propiedad intelectual, deber\u00e1 comunicarlo inmediatamente a Ibiza Charter Marine a trav\u00e9s de los datos de contacto que aparecen en el apartado INFORMACI\u00d3N GENERAL de este Aviso Legal y Condiciones Generales de Uso.<\/p>\n\n<h3 class=\"wp-block-heading\">VI. ACCIONES LEGALES, LEGISLACI\u00d3N APLICABLE Y JURISDICCI\u00d3N <\/h3>\n\n<p>Ibiza Charter Marine se reserva el derecho a presentar cualquier acci\u00f3n civil o penal que considere necesaria por la utilizaci\u00f3n indebida del Sitio Web y Contenidos, o por el incumplimiento de las presentes Condiciones Generales.<\/p>\n\n<p>La relaci\u00f3n entre el Usuario e Ibiza Charter Marine se regir\u00e1 por la normativa vigente en Espa\u00f1a. En caso de controversia sobre la interpretaci\u00f3n o aplicaci\u00f3n de estos T\u00e9rminos y Condiciones, las partes se someter\u00e1n a la jurisdicci\u00f3n ordinaria y a los juzgados y tribunales competentes. <\/p>\n","protected":false},"excerpt":{"rendered":"<p>ibizamarinecharter.com I. INFORMACI\u00d3N GENERAL En cumplimiento con el deber de informaci\u00f3n dispuesto en la Ley 34\/2002 de Servicios de la Sociedad de la Informaci\u00f3n y del Comercio Electr\u00f3nico (LSSI-CE) de 11 de julio, se facilitan a continuaci\u00f3n los siguientes datos de informaci\u00f3n general de este sitio web: Este sitio web, ibizamarinecharter.com, (en adelante, el Sitio [&hellip;]<\/p>\n","protected":false},"author":2,"featured_media":0,"parent":0,"menu_order":0,"comment_status":"closed","ping_status":"closed","template":"","meta":{"_acf_changed":false,"site-sidebar-layout":"default","site-content-layout":"","ast-site-content-layout":"default","site-content-style":"default","site-sidebar-style":"default","ast-global-header-display":"","ast-banner-title-visibility":"","ast-main-header-display":"","ast-hfb-above-header-display":"","ast-hfb-below-header-display":"","ast-hfb-mobile-header-display":"","site-post-title":"","ast-breadcrumbs-content":"","ast-featured-img":"","footer-sml-layout":"","theme-transparent-header-meta":"","adv-header-id-meta":"","stick-header-meta":"","header-above-stick-meta":"","header-main-stick-meta":"","header-below-stick-meta":"","astra-migrate-meta-layouts":"default","ast-page-background-enabled":"default","ast-page-background-meta":{"desktop":{"background-color":"","background-image":"","background-repeat":"repeat","background-position":"center center","background-size":"auto","background-attachment":"scroll","background-type":"","background-media":"","overlay-type":"","overlay-color":"","overlay-opacity":"","overlay-gradient":""},"tablet":{"background-color":"","background-image":"","background-repeat":"repeat","background-position":"center center","background-size":"auto","background-attachment":"scroll","background-type":"","background-media":"","overlay-type":"","overlay-color":"","overlay-opacity":"","overlay-gradient":""},"mobile":{"background-color":"","background-image":"","background-repeat":"repeat","background-position":"center center","background-size":"auto","background-attachment":"scroll","background-type":"","background-media":"","overlay-type":"","overlay-color":"","overlay-opacity":"","overlay-gradient":""}},"ast-content-background-meta":{"desktop":{"background-color":"var(--ast-global-color-5)","background-image":"","background-repeat":"repeat","background-position":"center center","background-size":"auto","background-attachment":"scroll","background-type":"","background-media":"","overlay-type":"","overlay-color":"","overlay-opacity":"","overlay-gradient":""},"tablet":{"background-color":"var(--ast-global-color-5)","background-image":"","background-repeat":"repeat","background-position":"center center","background-size":"auto","background-attachment":"scroll","background-type":"","background-media":"","overlay-type":"","overlay-color":"","overlay-opacity":"","overlay-gradient":""},"mobile":{"background-color":"var(--ast-global-color-5)","background-image":"","background-repeat":"repeat","background-position":"center center","background-size":"auto","background-attachment":"scroll","background-type":"","background-media":"","overlay-type":"","overlay-color":"","overlay-opacity":"","overlay-gradient":""}},"footnotes":""},"class_list":["post-8005","page","type-page","status-publish","hentry"],"acf":[],"_links":{"self":[{"href":"https:\/\/ibizamarinecharter.com\/es\/wp-json\/wp\/v2\/pages\/8005","targetHints":{"allow":["GET"]}}],"collection":[{"href":"https:\/\/ibizamarinecharter.com\/es\/wp-json\/wp\/v2\/pages"}],"about":[{"href":"https:\/\/ibizamarinecharter.com\/es\/wp-json\/wp\/v2\/types\/page"}],"author":[{"embeddable":true,"href":"https:\/\/ibizamarinecharter.com\/es\/wp-json\/wp\/v2\/users\/2"}],"replies":[{"embeddable":true,"href":"https:\/\/ibizamarinecharter.com\/es\/wp-json\/wp\/v2\/comments?post=8005"}],"version-history":[{"count":1,"href":"https:\/\/ibizamarinecharter.com\/es\/wp-json\/wp\/v2\/pages\/8005\/revisions"}],"predecessor-version":[{"id":8006,"href":"https:\/\/ibizamarinecharter.com\/es\/wp-json\/wp\/v2\/pages\/8005\/revisions\/8006"}],"wp:attachment":[{"href":"https:\/\/ibizamarinecharter.com\/es\/wp-json\/wp\/v2\/media?parent=8005"}],"curies":[{"name":"wp","href":"https:\/\/api.w.org\/{rel}","templated":true}]}}