{"id":3251,"date":"2024-03-07T12:36:18","date_gmt":"2024-03-07T12:36:18","guid":{"rendered":"https:\/\/ibizamarinecharter.com\/nuestros-barcos-en-alquiler-en-ibiza\/"},"modified":"2025-04-02T16:10:34","modified_gmt":"2025-04-02T16:10:34","slug":"nuestros-barcos-en-alquiler-en-ibiza","status":"publish","type":"page","link":"https:\/\/ibizamarinecharter.com\/es\/nuestros-barcos-en-alquiler-en-ibiza\/","title":{"rendered":"Nuestros barcos en alquiler en Ibiza"},"content":{"rendered":"\t\t<div data-elementor-type=\"wp-page\" data-elementor-id=\"3251\" class=\"elementor elementor-3251 elementor-3201\" data-elementor-post-type=\"page\">\n\t\t\t\t\t\t<section data-particle_enable=\"false\" data-particle-mobile-disabled=\"false\" data-dce-background-image-url=\"https:\/\/ibizamarinecharter.com\/wp-content\/uploads\/2023\/02\/CRANCHI-60-2002-FIRIN-2-1_Page_1_Image_0001.png\" class=\"elementor-section elementor-top-section elementor-element elementor-element-551308f2 elementor-section-boxed elementor-section-height-default elementor-section-height-default\" data-id=\"551308f2\" data-element_type=\"section\" data-settings=\"{&quot;background_background&quot;:&quot;classic&quot;}\">\n\t\t\t\t\t\t\t<div class=\"elementor-background-overlay\"><\/div>\n\t\t\t\t\t\t\t<div class=\"elementor-container elementor-column-gap-no\">\n\t\t\t\t\t<div class=\"elementor-column elementor-col-100 elementor-top-column elementor-element elementor-element-3aa04fe9\" data-id=\"3aa04fe9\" data-element_type=\"column\">\n\t\t\t<div class=\"elementor-widget-wrap elementor-element-populated\">\n\t\t\t\t\t\t<div class=\"elementor-element elementor-element-5060da5c elementor-widget elementor-widget-heading\" data-id=\"5060da5c\" data-element_type=\"widget\" data-widget_type=\"heading.default\">\n\t\t\t\t<div class=\"elementor-widget-container\">\n\t\t\t\t\t<h1 class=\"elementor-heading-title elementor-size-default\">Nuestros barcos<\/h1>\t\t\t\t<\/div>\n\t\t\t\t<\/div>\n\t\t\t\t\t<\/div>\n\t\t<\/div>\n\t\t\t\t\t<\/div>\n\t\t<\/section>\n\t\t\t\t<section data-particle_enable=\"false\" data-particle-mobile-disabled=\"false\" class=\"elementor-section elementor-top-section elementor-element elementor-element-45b9ed73 elementor-section-boxed elementor-section-height-default elementor-section-height-default\" data-id=\"45b9ed73\" data-element_type=\"section\">\n\t\t\t\t\t\t<div class=\"elementor-container elementor-column-gap-default\">\n\t\t\t\t\t<div class=\"elementor-column elementor-col-100 elementor-top-column elementor-element elementor-element-614c903e\" data-id=\"614c903e\" data-element_type=\"column\">\n\t\t\t<div class=\"elementor-widget-wrap elementor-element-populated\">\n\t\t\t\t\t\t<div class=\"elementor-element elementor-element-238508e elementor-widget elementor-widget-spacer\" data-id=\"238508e\" data-element_type=\"widget\" data-widget_type=\"spacer.default\">\n\t\t\t\t<div class=\"elementor-widget-container\">\n\t\t\t\t\t\t\t<div class=\"elementor-spacer\">\n\t\t\t<div class=\"elementor-spacer-inner\"><\/div>\n\t\t<\/div>\n\t\t\t\t\t\t<\/div>\n\t\t\t\t<\/div>\n\t\t\t\t<div class=\"elementor-element elementor-element-af91929 elementor-widget elementor-widget-eael-advanced-search\" data-id=\"af91929\" data-element_type=\"widget\" data-widget_type=\"eael-advanced-search.default\">\n\t\t\t\t<div class=\"elementor-widget-container\">\n\t\t\t\t\t        <div class=\"eael-adv-search-wrapper\">\n            <div id=\"eael-advanced-search-widget-af91929\" class=\"eael-advanced-search-widget\">\n                <form data-settings=\"{&quot;post_per_page&quot;:&quot;5&quot;,&quot;search_among_taxonomies&quot;:&quot;no&quot;,&quot;current_post_id&quot;:3251,&quot;show_popular_keyword&quot;:0,&quot;show_category&quot;:1,&quot;show_content_image&quot;:1,&quot;show_search_result_all_results&quot;:0,&quot;result_on_new_tab&quot;:&quot;no&quot;,&quot;show_product_price&quot;:&quot;no&quot;,&quot;post_type&quot;:[&quot;post&quot;]}\" method=\"POST\" name=\"eael-advanced-search-form-af91929\" class=\"eael-advanced-search-form eael-advanced-search-form-style-3\">\n                    <div class=\"eael-advanced-search-wrap\">\n                        <span class=\"eael-adv-search-loader\"><\/span>\n                        <span class=\"eael-adv-search-close\"><i class=\"fas fa-times\"><\/i><\/span>\n                        <span class=\"icon \"><i class=\"fas fa-search\"><\/i><\/span>\n\n                        <input type=\"text\"\n                               placeholder=\"Marca del Barco\"\n                               class=\"eael-advanced-search\" autocomplete=\"off\" name=\"eael_advanced_search\">\n                    <\/div>\n\t\t\t\t\t                        <div class=\"eael-advance-search-select\">\n                            <span class=\"icon fas fa-chevron-down\"><\/span>\n\t\t\t\t\t\t\t<select name=\"eael-adv-search-cate-list\" class=\"eael-adv-search-cate\"><option value=''>Todas las categor\u00edas<\/option><option value='72'>Catamaranes<\/option><option value='84'>Motoras<\/option><option value='74'>SuperYates<\/option><option value='38'>Yates<\/option><option value='83'>Yates Abiertos<\/option><\/select> <!-- Already escaped -->\n                        <\/div>\n\t\t\t\t\t                                            <button class=\"eael-advanced-search-button\">Buscar<\/button>\n                                    <\/form>\n\n\t\t\t\t\n\t\t\t\t        <div class=\"eael-advanced-search-result\">\n            <div class=\"eael-advanced-search-popular-keyword\">\n\t\t\t\t<h4 class=\"eael-advanced-search-popular-keyword-text\">Palabras clave populares<\/h4>                <div class=\"eael-popular-keyword-content\"><\/div>\n            <\/div>\n            <div class=\"eael-advanced-search-category\">\n\t\t\t\t<h4 class=\"eael-advanced-search-category-text\">Categor\u00edas<\/h4>                <div class=\"eael-popular-category-content\"><\/div>\n            <\/div>\n\t\t\t<div class=\"eael-advanced-search-total-results-section\">\n\t\t\t\t\t\t\t<\/div>\n            <div class=\"eael-advanced-search-content eael-item-style-1\">\n            <\/div>\n            <div class=\"eael-advanced-search-not-found\">\n                <p>No se encontr\u00f3 ning\u00fan resultado<\/p><\/div>\n            <div class=\"eael-advanced-search-load-more\">\n\t\t\t\t<a \tclass=\"eael-advanced-search-load-more-button\"\n                \thref=\"#\">Ver todo<\/a>\n            <\/div>\n        <\/div>\n\n\t\t <!-- Already escaped -->\n            <\/div>\n        <\/div>\n\n\t\t\t\t\t\t<\/div>\n\t\t\t\t<\/div>\n\t\t\t\t\t<\/div>\n\t\t<\/div>\n\t\t\t\t\t<\/div>\n\t\t<\/section>\n\t\t\t\t<\/div>\n\t\t","protected":false},"excerpt":{"rendered":"<p>Nuestros barcos Todas las categor\u00edasCatamaransMotor BoatsOpen YachtsSuperYachtsYachts Buscar Palabras clave populares Categor\u00edas No se encontr\u00f3 ning\u00fan resultado Ver todo<\/p>\n","protected":false},"author":2,"featured_media":0,"parent":0,"menu_order":0,"comment_status":"closed","ping_status":"closed","template":"","meta":{"_acf_changed":false,"site-sidebar-layout":"no-sidebar","site-content-layout":"page-builder","ast-site-content-layout":"full-width-container","site-content-style":"default","site-sidebar-style":"default","ast-global-header-display":"","ast-banner-title-visibility":"","ast-main-header-display":"","ast-hfb-above-header-display":"","ast-hfb-below-header-display":"","ast-hfb-mobile-header-display":"","site-post-title":"disabled","ast-breadcrumbs-content":"","ast-featured-img":"disabled","footer-sml-layout":"","theme-transparent-header-meta":"","adv-header-id-meta":"","stick-header-meta":"","header-above-stick-meta":"","header-main-stick-meta":"","header-below-stick-meta":"","astra-migrate-meta-layouts":"default","ast-page-background-enabled":"default","ast-page-background-meta":{"desktop":{"background-color":"","background-image":"","background-repeat":"repeat","background-position":"center center","background-size":"auto","background-attachment":"scroll","background-type":"","background-media":"","overlay-type":"","overlay-color":"","overlay-opacity":"","overlay-gradient":""},"tablet":{"background-color":"","background-image":"","background-repeat":"repeat","background-position":"center center","background-size":"auto","background-attachment":"scroll","background-type":"","background-media":"","overlay-type":"","overlay-color":"","overlay-opacity":"","overlay-gradient":""},"mobile":{"background-color":"","background-image":"","background-repeat":"repeat","background-position":"center center","background-size":"auto","background-attachment":"scroll","background-type":"","background-media":"","overlay-type":"","overlay-color":"","overlay-opacity":"","overlay-gradient":""}},"ast-content-background-meta":{"desktop":{"background-color":"var(--ast-global-color-5)","background-image":"","background-repeat":"repeat","background-position":"center center","background-size":"auto","background-attachment":"scroll","background-type":"","background-media":"","overlay-type":"","overlay-color":"","overlay-opacity":"","overlay-gradient":""},"tablet":{"background-color":"var(--ast-global-color-5)","background-image":"","background-repeat":"repeat","background-position":"center center","background-size":"auto","background-attachment":"scroll","background-type":"","background-media":"","overlay-type":"","overlay-color":"","overlay-opacity":"","overlay-gradient":""},"mobile":{"background-color":"var(--ast-global-color-5)","background-image":"","background-repeat":"repeat","background-position":"center center","background-size":"auto","background-attachment":"scroll","background-type":"","background-media":"","overlay-type":"","overlay-color":"","overlay-opacity":"","overlay-gradient":""}},"footnotes":""},"class_list":["post-3251","page","type-page","status-publish","hentry"],"acf":[],"_links":{"self":[{"href":"https:\/\/ibizamarinecharter.com\/es\/wp-json\/wp\/v2\/pages\/3251","targetHints":{"allow":["GET"]}}],"collection":[{"href":"https:\/\/ibizamarinecharter.com\/es\/wp-json\/wp\/v2\/pages"}],"about":[{"href":"https:\/\/ibizamarinecharter.com\/es\/wp-json\/wp\/v2\/types\/page"}],"author":[{"embeddable":true,"href":"https:\/\/ibizamarinecharter.com\/es\/wp-json\/wp\/v2\/users\/2"}],"replies":[{"embeddable":true,"href":"https:\/\/ibizamarinecharter.com\/es\/wp-json\/wp\/v2\/comments?post=3251"}],"version-history":[{"count":11,"href":"https:\/\/ibizamarinecharter.com\/es\/wp-json\/wp\/v2\/pages\/3251\/revisions"}],"predecessor-version":[{"id":8034,"href":"https:\/\/ibizamarinecharter.com\/es\/wp-json\/wp\/v2\/pages\/3251\/revisions\/8034"}],"wp:attachment":[{"href":"https:\/\/ibizamarinecharter.com\/es\/wp-json\/wp\/v2\/media?parent=3251"}],"curies":[{"name":"wp","href":"https:\/\/api.w.org\/{rel}","templated":true}]}}